{"id":4441,"date":"2025-09-18T09:29:14","date_gmt":"2025-09-18T16:29:14","guid":{"rendered":"https:\/\/thunderfundev.wpenginepowered.com\/recursos\/"},"modified":"2026-03-27T11:54:57","modified_gmt":"2026-03-27T18:54:57","slug":"recursos","status":"publish","type":"page","link":"https:\/\/thunderfunding.com\/es-mx\/recursos\/","title":{"rendered":"Recursos"},"content":{"rendered":"\t\t<div data-elementor-type=\"wp-page\" data-elementor-id=\"4441\" class=\"elementor elementor-4441 elementor-3844\" data-elementor-post-type=\"page\">\n\t\t\t\t<div class=\"elementor-element elementor-element-db46fe3 e-flex e-con-boxed e-con e-parent\" data-id=\"db46fe3\" data-element_type=\"container\" data-e-type=\"container\" data-settings=\"{&quot;background_background&quot;:&quot;classic&quot;}\">\n\t\t\t\t\t<div class=\"e-con-inner\">\n\t\t<div class=\"elementor-element elementor-element-d107a7d e-con-full e-flex e-con e-child\" data-id=\"d107a7d\" data-element_type=\"container\" data-e-type=\"container\">\n\t\t\t\t<div class=\"elementor-element elementor-element-eb73f22 elementor-widget elementor-widget-heading\" data-id=\"eb73f22\" data-element_type=\"widget\" data-e-type=\"widget\" data-widget_type=\"heading.default\">\n\t\t\t\t<div class=\"elementor-widget-container\">\n\t\t\t\t\t<h1 class=\"elementor-heading-title elementor-size-default\">Recursos<\/h1>\t\t\t\t<\/div>\n\t\t\t\t<\/div>\n\t\t\t\t<\/div>\n\t\t\t\t\t<\/div>\n\t\t\t\t<\/div>\n\t\t<div class=\"elementor-element elementor-element-491ba30 e-flex e-con-boxed e-con e-parent\" data-id=\"491ba30\" data-element_type=\"container\" data-e-type=\"container\">\n\t\t\t\t\t<div class=\"e-con-inner\">\n\t\t<div class=\"elementor-element elementor-element-b4b7dcb e-con-full e-flex e-con e-child\" data-id=\"b4b7dcb\" data-element_type=\"container\" data-e-type=\"container\">\n\t\t<div class=\"elementor-element elementor-element-bb98d79 e-grid e-con-full e-con e-child\" data-id=\"bb98d79\" data-element_type=\"container\" data-e-type=\"container\">\n\t\t<div class=\"elementor-element elementor-element-63ce9cd e-con-full e-flex e-con e-child\" data-id=\"63ce9cd\" data-element_type=\"container\" data-e-type=\"container\">\n\t\t<div class=\"elementor-element elementor-element-baf322c e-grid e-con-full e-con e-child\" data-id=\"baf322c\" data-element_type=\"container\" data-e-type=\"container\">\n\t\t\t\t<div class=\"elementor-element elementor-element-759300c elementor-widget elementor-widget-image\" data-id=\"759300c\" data-element_type=\"widget\" data-e-type=\"widget\" data-widget_type=\"image.default\">\n\t\t\t\t<div class=\"elementor-widget-container\">\n\t\t\t\t\t\t\t\t\t\t\t\t\t\t\t<img decoding=\"async\" width=\"65\" height=\"65\" src=\"https:\/\/thunderfunding.com\/wp-content\/uploads\/2025\/09\/phone-icon.webp\" class=\"attachment-large size-large wp-image-153\" alt=\"Phone Icon\" \/>\t\t\t\t\t\t\t\t\t\t\t\t\t\t\t<\/div>\n\t\t\t\t<\/div>\n\t\t\t\t<div class=\"elementor-element elementor-element-4edada8 elementor-widget elementor-widget-heading\" data-id=\"4edada8\" data-element_type=\"widget\" data-e-type=\"widget\" data-widget_type=\"heading.default\">\n\t\t\t\t<div class=\"elementor-widget-container\">\n\t\t\t\t\t<h3 class=\"elementor-heading-title elementor-size-default\">Asistencia de Transporte<\/h3>\t\t\t\t<\/div>\n\t\t\t\t<\/div>\n\t\t\t\t<\/div>\n\t\t\t\t<div class=\"elementor-element elementor-element-e48e4e3 elementor-widget elementor-widget-text-editor\" data-id=\"e48e4e3\" data-element_type=\"widget\" data-e-type=\"widget\" data-widget_type=\"text-editor.default\">\n\t\t\t\t<div class=\"elementor-widget-container\">\n\t\t\t\t\t\t\t\t\t\u00bfTiene alguna pregunta? \u00bfNecesita ayuda? Perm\u00edtanos ofrecerle nuestra asistencia con nuestros servicios adicionales para transportistas. Con Thunder Transportation Assist, atenderemos su llamada y haremos todo lo posible para ayudarle a responder sus preguntas. Es un servicio gratuito que ofrecemos a nuestros transportistas. Algunos de los temas recientes incluyen:     \n\n<ul class=\"theme-list\">\n \t<li>Mitigaci\u00f3n de reclamos (OS &amp; D)<\/li>\n \t<li>Reporte de impuestos IFTA<\/li>\n \t<li>Cobranzas<\/li>\n \t<li>Pesos \/ Permisos<\/li>\n \t<li>Pruebas de drogas<\/li>\n \t<li>Reclutamiento de conductores<\/li>\n \t<li>Descuentos en Combustible<\/li>\n \t<li>Encontrar buena carga<\/li>\n \t<li>Retenci\u00f3n de conductores<\/li>\n \t<li>Preguntas sobre FMCSA y DOT<\/li>\n \t<li>Tarifas del mercado de fletes<\/li>\n \t<li>Calificaciones crediticias de cargadores\/corredores<\/li>\n<\/ul>\t\t\t\t\t\t\t\t<\/div>\n\t\t\t\t<\/div>\n\t\t<div class=\"elementor-element elementor-element-fccabaa e-grid e-con-full e-con e-child\" data-id=\"fccabaa\" data-element_type=\"container\" data-e-type=\"container\">\n\t\t\t\t<div class=\"elementor-element elementor-element-d26f9ad elementor-widget elementor-widget-image\" data-id=\"d26f9ad\" data-element_type=\"widget\" data-e-type=\"widget\" data-widget_type=\"image.default\">\n\t\t\t\t<div class=\"elementor-widget-container\">\n\t\t\t\t\t\t\t\t\t\t\t\t\t\t\t<img decoding=\"async\" width=\"65\" height=\"65\" src=\"https:\/\/thunderfunding.com\/wp-content\/uploads\/2025\/09\/fuel-ico-1.webp\" class=\"attachment-large size-large wp-image-151\" alt=\"Gas Pump Icon\" \/>\t\t\t\t\t\t\t\t\t\t\t\t\t\t\t<\/div>\n\t\t\t\t<\/div>\n\t\t\t\t<div class=\"elementor-element elementor-element-3e79f82 elementor-widget elementor-widget-heading\" data-id=\"3e79f82\" data-element_type=\"widget\" data-e-type=\"widget\" data-widget_type=\"heading.default\">\n\t\t\t\t<div class=\"elementor-widget-container\">\n\t\t\t\t\t<h3 class=\"elementor-heading-title elementor-size-default\">Tarjeta de Combustible de Thunder Funding<\/h3>\t\t\t\t<\/div>\n\t\t\t\t<\/div>\n\t\t\t\t<\/div>\n\t\t\t\t<div class=\"elementor-element elementor-element-454fa9d elementor-widget elementor-widget-text-editor\" data-id=\"454fa9d\" data-element_type=\"widget\" data-e-type=\"widget\" data-widget_type=\"text-editor.default\">\n\t\t\t\t<div class=\"elementor-widget-container\">\n\t\t\t\t\t\t\t\t\tUsar una tarjeta de combustible para su negocio de transporte es una excelente manera de reducir sus gastos generales, y dado que el combustible representa el 40% de esos gastos, ahorrar dinero aqu\u00ed es un buen punto de partida. Le permite comprar combustible al precio en efectivo o incluso a un precio con descuento, en lugar de usar una tarjeta de cr\u00e9dito y pagar de m\u00e1s en el surtidor por precios de cr\u00e9dito. Tambi\u00e9n proporciona toda la informaci\u00f3n transaccional detallada que necesitar\u00e1 para pagar sus impuestos IFTA. Al proporcionar tarjetas de combustible a sus conductores, usted tiene control total sobre sus gastos diarios y l\u00edmites de galones.   \n\n<ul>\n \t<li>Bajas tarifas de transacci\u00f3n para combustible y mantenimiento<\/li>\n \t<li>Aceptada en casi todas las paradas de camiones y puntos de carga de combustible<\/li>\n \t<li>Mejora del flujo de caja gracias a los descuentos por pago en efectivo en el surtidor<\/li>\n \t<li>Reportes en l\u00ednea<\/li>\n \t<li>Seguridad, conveniencia y control sobre las compras de combustible y mantenimiento<\/li>\n \t<li>Opciones de efectivo (uso con cajeros autom\u00e1ticos)<\/li>\n \t<li>Los ingresos por factoring pueden depositarse incluso despu\u00e9s del cierre de los bancos<\/li>\n \t<li>Reciba sus adelantos de combustible en sus tarjetas de combustible los 7 d\u00edas de la semana<\/li>\n<\/ul>\t\t\t\t\t\t\t\t<\/div>\n\t\t\t\t<\/div>\n\t\t\t\t<\/div>\n\t\t<div class=\"elementor-element elementor-element-d829a1b e-con-full e-flex e-con e-child\" data-id=\"d829a1b\" data-element_type=\"container\" data-e-type=\"container\">\n\t\t<div class=\"elementor-element elementor-element-65133dc e-grid e-con-full e-con e-child\" data-id=\"65133dc\" data-element_type=\"container\" data-e-type=\"container\">\n\t\t\t\t<div class=\"elementor-element elementor-element-9a538a4 elementor-widget elementor-widget-image\" data-id=\"9a538a4\" data-element_type=\"widget\" data-e-type=\"widget\" data-widget_type=\"image.default\">\n\t\t\t\t<div class=\"elementor-widget-container\">\n\t\t\t\t\t\t\t\t\t\t\t\t\t\t\t<img decoding=\"async\" width=\"65\" height=\"65\" src=\"https:\/\/thunderfunding.com\/wp-content\/uploads\/2025\/09\/umbrella-icon-1.webp\" class=\"attachment-large size-large wp-image-152\" alt=\"Umbrella Icon\" \/>\t\t\t\t\t\t\t\t\t\t\t\t\t\t\t<\/div>\n\t\t\t\t<\/div>\n\t\t\t\t<div class=\"elementor-element elementor-element-a921b0a elementor-widget elementor-widget-heading\" data-id=\"a921b0a\" data-element_type=\"widget\" data-e-type=\"widget\" data-widget_type=\"heading.default\">\n\t\t\t\t<div class=\"elementor-widget-container\">\n\t\t\t\t\t<h3 class=\"elementor-heading-title elementor-size-default\">Seguro<\/h3>\t\t\t\t<\/div>\n\t\t\t\t<\/div>\n\t\t\t\t<\/div>\n\t\t\t\t<div class=\"elementor-element elementor-element-a0ce392 elementor-widget elementor-widget-text-editor\" data-id=\"a0ce392\" data-element_type=\"widget\" data-e-type=\"widget\" data-widget_type=\"text-editor.default\">\n\t\t\t\t<div class=\"elementor-widget-container\">\n\t\t\t\t\t\t\t\t\t<p>Thunder Funding se complace en anunciar una asociaci\u00f3n exclusiva con Tailored Insurance Group. Tailored Insurance Group ofrece todas las l\u00edneas de cobertura de transporte para cada tama\u00f1o y tipo de operaci\u00f3n. Desde empresas de propietario\/operador individual hasta grandes compa\u00f1\u00edas con flotas de varios camiones, lo tenemos cubierto. <a href=\"https:\/\/thunderfunding.com\/tailored-insurance-group\/\">M\u00e1s informaci\u00f3n<\/a>.  <\/p>\t\t\t\t\t\t\t\t<\/div>\n\t\t\t\t<\/div>\n\t\t<div class=\"elementor-element elementor-element-db37f2c e-grid e-con-full e-con e-child\" data-id=\"db37f2c\" data-element_type=\"container\" data-e-type=\"container\">\n\t\t\t\t<div class=\"elementor-element elementor-element-98625f0 elementor-widget elementor-widget-image\" data-id=\"98625f0\" data-element_type=\"widget\" data-e-type=\"widget\" data-widget_type=\"image.default\">\n\t\t\t\t<div class=\"elementor-widget-container\">\n\t\t\t\t\t\t\t\t\t\t\t\t\t\t\t<img loading=\"lazy\" decoding=\"async\" width=\"65\" height=\"65\" src=\"https:\/\/thunderfunding.com\/wp-content\/uploads\/2025\/09\/dollar-icon.png\" class=\"attachment-large size-large wp-image-149\" alt=\"Money Icon\" \/>\t\t\t\t\t\t\t\t\t\t\t\t\t\t\t<\/div>\n\t\t\t\t<\/div>\n\t\t\t\t<div class=\"elementor-element elementor-element-78390c7 elementor-widget elementor-widget-heading\" data-id=\"78390c7\" data-element_type=\"widget\" data-e-type=\"widget\" data-widget_type=\"heading.default\">\n\t\t\t\t<div class=\"elementor-widget-container\">\n\t\t\t\t\t<h3 class=\"elementor-heading-title elementor-size-default\">Adelantos de Combustible<\/h3>\t\t\t\t<\/div>\n\t\t\t\t<\/div>\n\t\t\t\t<\/div>\n\t\t\t\t<div class=\"elementor-element elementor-element-c137775 elementor-widget elementor-widget-text-editor\" data-id=\"c137775\" data-element_type=\"widget\" data-e-type=\"widget\" data-widget_type=\"text-editor.default\">\n\t\t\t\t<div class=\"elementor-widget-container\">\n\t\t\t\t\t\t\t\t\t<p>\u00bfNecesita dinero para combustible o tiene un conductor que necesita pagar a un cargador? Con gusto le adelantaremos hasta el 50% de la tarifa de flete de cualquier carga que a\u00fan est\u00e9 en camino y no haya sido entregada. Simplemente proporci\u00f3nenos la confirmaci\u00f3n de la tarifa y el conocimiento de embarque, y procesaremos la solicitud en unos minutos y le entregaremos los fondos a usted o a su conductor.  <\/p>\t\t\t\t\t\t\t\t<\/div>\n\t\t\t\t<\/div>\n\t\t<div class=\"elementor-element elementor-element-75971fa e-grid e-con-full e-con e-child\" data-id=\"75971fa\" data-element_type=\"container\" data-e-type=\"container\">\n\t\t\t\t<div class=\"elementor-element elementor-element-4e5a2f9 elementor-widget elementor-widget-image\" data-id=\"4e5a2f9\" data-element_type=\"widget\" data-e-type=\"widget\" data-widget_type=\"image.default\">\n\t\t\t\t<div class=\"elementor-widget-container\">\n\t\t\t\t\t\t\t\t\t\t\t\t\t\t\t<img loading=\"lazy\" decoding=\"async\" width=\"65\" height=\"65\" src=\"https:\/\/thunderfunding.com\/wp-content\/uploads\/2025\/09\/information-icon.png\" class=\"attachment-large size-large wp-image-148\" alt=\"Information Icon\" \/>\t\t\t\t\t\t\t\t\t\t\t\t\t\t\t<\/div>\n\t\t\t\t<\/div>\n\t\t\t\t<div class=\"elementor-element elementor-element-7ecb564 elementor-widget elementor-widget-heading\" data-id=\"7ecb564\" data-element_type=\"widget\" data-e-type=\"widget\" data-widget_type=\"heading.default\">\n\t\t\t\t<div class=\"elementor-widget-container\">\n\t\t\t\t\t<h3 class=\"elementor-heading-title elementor-size-default\">Enlaces Adicionales<\/h3>\t\t\t\t<\/div>\n\t\t\t\t<\/div>\n\t\t\t\t<\/div>\n\t\t\t\t<div class=\"elementor-element elementor-element-f2d009d elementor-widget elementor-widget-text-editor\" data-id=\"f2d009d\" data-element_type=\"widget\" data-e-type=\"widget\" data-widget_type=\"text-editor.default\">\n\t\t\t\t<div class=\"elementor-widget-container\">\n\t\t\t\t\t\t\t\t\t<p><strong><a href=\"http:\/\/www.cassinfo.com\/Transportation-Expense-Management\/Supply-Chain-Analysis\/Cass-Freight-Index.aspx\" target=\"_blank\" rel=\"noopener\">Reportes de la Industria de Transporte de Carga de Cass<\/a><\/strong><br><br><\/p>\t\t\t\t\t\t\t\t<\/div>\n\t\t\t\t<\/div>\n\t\t\t\t<\/div>\n\t\t\t\t<\/div>\n\t\t\t\t<\/div>\n\t\t\t\t\t<\/div>\n\t\t\t\t<\/div>\n\t\t<div class=\"elementor-element elementor-element-42a1d40 e-flex e-con-boxed e-con e-parent\" data-id=\"42a1d40\" data-element_type=\"container\" data-e-type=\"container\">\n\t\t\t\t\t<div class=\"e-con-inner\">\n\t\t\t\t<div class=\"elementor-element elementor-element-7950b51 elementor-widget elementor-widget-template\" data-id=\"7950b51\" data-element_type=\"widget\" data-e-type=\"widget\" data-widget_type=\"template.default\">\n\t\t\t\t<div class=\"elementor-widget-container\">\n\t\t\t\t\t\t\t<div class=\"elementor-template\">\n\t\t\t\t\t<div data-elementor-type=\"section\" data-elementor-id=\"4389\" class=\"elementor elementor-4389 elementor-3900 elementor-3900\" data-elementor-post-type=\"elementor_library\">\n\t\t\t<div class=\"elementor-element elementor-element-5b25e35 e-flex e-con-boxed e-con e-parent\" data-id=\"5b25e35\" data-element_type=\"container\" data-e-type=\"container\" data-settings=\"{&quot;background_background&quot;:&quot;classic&quot;}\">\n\t\t\t\t\t<div class=\"e-con-inner\">\n\t\t<div class=\"elementor-element elementor-element-cd37973 e-grid e-con-full e-con e-child\" data-id=\"cd37973\" data-element_type=\"container\" data-e-type=\"container\">\n\t\t<div class=\"elementor-element elementor-element-79d09dd e-con-full e-flex e-con e-child\" data-id=\"79d09dd\" data-element_type=\"container\" data-e-type=\"container\">\n\t\t\t\t<div class=\"elementor-element elementor-element-db0a28d elementor-widget elementor-widget-heading\" data-id=\"db0a28d\" data-element_type=\"widget\" data-e-type=\"widget\" data-widget_type=\"heading.default\">\n\t\t\t\t<div class=\"elementor-widget-container\">\n\t\t\t\t\t<h2 class=\"elementor-heading-title elementor-size-default\">Herramienta educativa GRATUITA sobre Factoring de Fletes<\/h2>\t\t\t\t<\/div>\n\t\t\t\t<\/div>\n\t\t\t\t<div class=\"elementor-element elementor-element-10fa6d6 elementor-widget elementor-widget-heading\" data-id=\"10fa6d6\" data-element_type=\"widget\" data-e-type=\"widget\" data-widget_type=\"heading.default\">\n\t\t\t\t<div class=\"elementor-widget-container\">\n\t\t\t\t\t<h2 class=\"elementor-heading-title elementor-size-default\">Factoring: Conceptos b\u00e1sicos: Una gu\u00eda completa<\/h2>\t\t\t\t<\/div>\n\t\t\t\t<\/div>\n\t\t\t\t<div class=\"elementor-element elementor-element-78af8d6 elementor-widget elementor-widget-button\" data-id=\"78af8d6\" data-element_type=\"widget\" data-e-type=\"widget\" data-widget_type=\"button.default\">\n\t\t\t\t<div class=\"elementor-widget-container\">\n\t\t\t\t\t\t\t\t\t<div class=\"elementor-button-wrapper\">\n\t\t\t\t\t<a class=\"elementor-button elementor-button-link elementor-size-sm\" href=\"https:\/\/thunderfunding.com\/es-mx\/pagina-de-destino-descarga-de-ebook-factoraje-de-carga-101\/\">\n\t\t\t\t\t\t<span class=\"elementor-button-content-wrapper\">\n\t\t\t\t\t\t\t\t\t<span class=\"elementor-button-text\">Descargar ahora<\/span>\n\t\t\t\t\t<\/span>\n\t\t\t\t\t<\/a>\n\t\t\t\t<\/div>\n\t\t\t\t\t\t\t\t<\/div>\n\t\t\t\t<\/div>\n\t\t\t\t<\/div>\n\t\t\t\t<div class=\"elementor-element elementor-element-6d85cc0 elementor-widget elementor-widget-image\" data-id=\"6d85cc0\" data-element_type=\"widget\" data-e-type=\"widget\" data-widget_type=\"image.default\">\n\t\t\t\t<div class=\"elementor-widget-container\">\n\t\t\t\t\t\t\t\t\t\t\t\t\t\t\t<img loading=\"lazy\" decoding=\"async\" width=\"600\" height=\"825\" src=\"https:\/\/thunderfunding.com\/wp-content\/uploads\/2025\/08\/ff101.png\" class=\"attachment-medium_large size-medium_large wp-image-4387\" alt=\"\" srcset=\"https:\/\/thunderfunding.com\/wp-content\/uploads\/2025\/08\/ff101.png 600w, https:\/\/thunderfunding.com\/wp-content\/uploads\/2025\/08\/ff101-218x300.png 218w\" sizes=\"(max-width: 600px) 100vw, 600px\" \/>\t\t\t\t\t\t\t\t\t\t\t\t\t\t\t<\/div>\n\t\t\t\t<\/div>\n\t\t\t\t<\/div>\n\t\t\t\t\t<\/div>\n\t\t\t\t<\/div>\n\t\t\t\t<\/div>\n\t\t\t\t<\/div>\n\t\t\t\t\t\t<\/div>\n\t\t\t\t<\/div>\n\t\t\t\t\t<\/div>\n\t\t\t\t<\/div>\n\t\t\t\t<\/div>\n\t\t","protected":false},"excerpt":{"rendered":"<p>Recursos Asistencia de Transporte \u00bfTiene alguna pregunta? \u00bfNecesita ayuda? Perm\u00edtanos ofrecerle nuestra asistencia con nuestros servicios adicionales para transportistas. Con Thunder Transportation Assist, atenderemos su llamada y haremos todo lo posible para ayudarle a responder sus preguntas. Es un servicio gratuito que ofrecemos a nuestros transportistas. Algunos de los temas recientes incluyen: Mitigaci\u00f3n de reclamos [&hellip;]<\/p>\n","protected":false},"author":1,"featured_media":101,"parent":0,"menu_order":0,"comment_status":"closed","ping_status":"closed","template":"elementor_header_footer","meta":{"footnotes":""},"class_list":["post-4441","page","type-page","status-publish","has-post-thumbnail","hentry"],"_links":{"self":[{"href":"https:\/\/thunderfunding.com\/es-mx\/wp-json\/wp\/v2\/pages\/4441","targetHints":{"allow":["GET"]}}],"collection":[{"href":"https:\/\/thunderfunding.com\/es-mx\/wp-json\/wp\/v2\/pages"}],"about":[{"href":"https:\/\/thunderfunding.com\/es-mx\/wp-json\/wp\/v2\/types\/page"}],"author":[{"embeddable":true,"href":"https:\/\/thunderfunding.com\/es-mx\/wp-json\/wp\/v2\/users\/1"}],"replies":[{"embeddable":true,"href":"https:\/\/thunderfunding.com\/es-mx\/wp-json\/wp\/v2\/comments?post=4441"}],"version-history":[{"count":0,"href":"https:\/\/thunderfunding.com\/es-mx\/wp-json\/wp\/v2\/pages\/4441\/revisions"}],"wp:featuredmedia":[{"embeddable":true,"href":"https:\/\/thunderfunding.com\/es-mx\/wp-json\/wp\/v2\/media\/101"}],"wp:attachment":[{"href":"https:\/\/thunderfunding.com\/es-mx\/wp-json\/wp\/v2\/media?parent=4441"}],"curies":[{"name":"wp","href":"https:\/\/api.w.org\/{rel}","templated":true}]}}